{"id":2,"date":"2024-04-23T18:49:41","date_gmt":"2024-04-23T18:49:41","guid":{"rendered":"http:\/\/www.takeyourcoach.de\/?page_id=2"},"modified":"2024-05-07T18:13:19","modified_gmt":"2024-05-07T18:13:19","slug":"sample-page","status":"publish","type":"page","link":"https:\/\/www.takeyourcoach.de\/","title":{"rendered":"Homepage"},"content":{"rendered":"\n<div style=\"height:38px\" aria-hidden=\"true\" class=\"wp-block-spacer\"><\/div>\n\n\n\n<h1 class=\"wp-block-heading has-text-align-center\">Wie du in&nbsp;12 Monaten&nbsp;nebenbei&nbsp;<font color=\"0000D1\">Spanisch<\/font> oder<br><font color=\"0000D1\">Englisch<\/font>&nbsp;lernst, auch wenn du&nbsp;<font color=\"0000D1\">nicht viel Zeit&nbsp;daf\u00fcr investieren<\/font> kannst.<\/h1>\n\n\n\n<h5 class=\"wp-block-heading has-text-align-center\">Wir entwickeln eine App, welche es dir erm\u00f6glicht, Spanisch und Englisch mit einem\/r Muttersprachler-Lehrer\/in einfach \u00fcber Text- und Sprachnachrichten nebenbei zu lernen. H\u00f6rt sich dies interessant f\u00fcr dich an? Melde dich zum Newsletter an und sichere dir jetzt schon 25% Rabatt.<\/h5>\n\n\n\n<div style=\"height:15px\" aria-hidden=\"true\" class=\"wp-block-spacer\"><\/div>\n\n\n\n<div class=\"wp-block-buttons is-content-justification-center is-layout-flex wp-container-core-buttons-is-layout-a89b3969 wp-block-buttons-is-layout-flex\">\n<div class=\"wp-block-button\"><a class=\"wp-block-button__link wp-element-button\" href=\"http:\/\/www.takeyourcoach.de\/?page_id=97\">Hier f\u00fcr den Newsletter eintragen<\/a><\/div>\n<\/div>\n\n\n\n<div style=\"height:38px\" aria-hidden=\"true\" class=\"wp-block-spacer\"><\/div>\n\n\n\n<div class=\"wp-block-columns is-layout-flex wp-container-core-columns-is-layout-28f84493 wp-block-columns-is-layout-flex\">\n<div class=\"wp-block-column is-layout-flow wp-block-column-is-layout-flow\">\n<figure class=\"wp-block-image aligncenter size-large\"><img loading=\"lazy\" decoding=\"async\" width=\"1024\" height=\"1024\" src=\"http:\/\/www.takeyourcoach.de\/wp-content\/uploads\/2024\/04\/Privat-Lehrer-Kopie-1024x1024.jpg\" alt=\"\" class=\"wp-image-8\" srcset=\"https:\/\/www.takeyourcoach.de\/wp-content\/uploads\/2024\/04\/Privat-Lehrer-Kopie-1024x1024.jpg 1024w, https:\/\/www.takeyourcoach.de\/wp-content\/uploads\/2024\/04\/Privat-Lehrer-Kopie-300x300.jpg 300w, https:\/\/www.takeyourcoach.de\/wp-content\/uploads\/2024\/04\/Privat-Lehrer-Kopie-150x150.jpg 150w, https:\/\/www.takeyourcoach.de\/wp-content\/uploads\/2024\/04\/Privat-Lehrer-Kopie-768x768.jpg 768w, https:\/\/www.takeyourcoach.de\/wp-content\/uploads\/2024\/04\/Privat-Lehrer-Kopie.jpg 1400w\" sizes=\"auto, (max-width: 1024px) 100vw, 1024px\" \/><figcaption class=\"wp-element-caption\"><strong>Lerne mit deinem<\/strong> <strong>Privatlehrer<\/strong><\/figcaption><\/figure>\n\n\n\n<p class=\"has-text-align-center\" id=\"tw-target-text\">Du erh\u00e4lst Zugang zu einem echten Privatlehrer, der dir als Gespr\u00e4chspartner auf deinem Mobiltelefon zur Seite steht.<\/p>\n<\/div>\n\n\n\n<div class=\"wp-block-column is-layout-flow wp-block-column-is-layout-flow\">\n<figure class=\"wp-block-image aligncenter size-large\"><img loading=\"lazy\" decoding=\"async\" width=\"1024\" height=\"1024\" src=\"http:\/\/www.takeyourcoach.de\/wp-content\/uploads\/2024\/04\/Whatsapp-Kopie-1024x1024.jpg\" alt=\"\" class=\"wp-image-10\" srcset=\"https:\/\/www.takeyourcoach.de\/wp-content\/uploads\/2024\/04\/Whatsapp-Kopie-1024x1024.jpg 1024w, https:\/\/www.takeyourcoach.de\/wp-content\/uploads\/2024\/04\/Whatsapp-Kopie-300x300.jpg 300w, https:\/\/www.takeyourcoach.de\/wp-content\/uploads\/2024\/04\/Whatsapp-Kopie-150x150.jpg 150w, https:\/\/www.takeyourcoach.de\/wp-content\/uploads\/2024\/04\/Whatsapp-Kopie-768x768.jpg 768w, https:\/\/www.takeyourcoach.de\/wp-content\/uploads\/2024\/04\/Whatsapp-Kopie.jpg 1362w\" sizes=\"auto, (max-width: 1024px) 100vw, 1024px\" \/><figcaption class=\"wp-element-caption\"><strong>\u00dcbungen l\u00f6sen und Feedback erhalten<\/strong><\/figcaption><\/figure>\n\n\n\n<p class=\"has-text-align-center\" id=\"tw-target-text\">Du bekommst \u00dcbungen per Text- und Sprachnachricht und kannst dich laufend verbessern.<\/p>\n<\/div>\n\n\n\n<div class=\"wp-block-column is-layout-flow wp-block-column-is-layout-flow\">\n<figure class=\"wp-block-image aligncenter size-large\"><img loading=\"lazy\" decoding=\"async\" width=\"1024\" height=\"1024\" src=\"http:\/\/www.takeyourcoach.de\/wp-content\/uploads\/2024\/04\/Frau-Frage-Kopie-1024x1024.jpg\" alt=\"\" class=\"wp-image-9\" srcset=\"https:\/\/www.takeyourcoach.de\/wp-content\/uploads\/2024\/04\/Frau-Frage-Kopie-1024x1024.jpg 1024w, https:\/\/www.takeyourcoach.de\/wp-content\/uploads\/2024\/04\/Frau-Frage-Kopie-300x300.jpg 300w, https:\/\/www.takeyourcoach.de\/wp-content\/uploads\/2024\/04\/Frau-Frage-Kopie-150x150.jpg 150w, https:\/\/www.takeyourcoach.de\/wp-content\/uploads\/2024\/04\/Frau-Frage-Kopie-768x768.jpg 768w, https:\/\/www.takeyourcoach.de\/wp-content\/uploads\/2024\/04\/Frau-Frage-Kopie.jpg 1380w\" sizes=\"auto, (max-width: 1024px) 100vw, 1024px\" \/><figcaption class=\"wp-element-caption\"><strong>Fragen stellen und Unklarheiten kl\u00e4ren<\/strong><\/figcaption><\/figure>\n\n\n\n<p class=\"has-text-align-center\">Hast du Themen, welche du noch nicht ganz verstehst? Kein Problem, dein Sprachtrainer wird dir gerne weiterhelfen.<\/p>\n<\/div>\n<\/div>\n","protected":false},"excerpt":{"rendered":"<p>Wie du in&nbsp;12 Monaten&nbsp;nebenbei&nbsp;Spanisch oderEnglisch&nbsp;lernst, auch wenn du&nbsp;nicht viel Zeit&nbsp;daf\u00fcr investieren kannst. Wir entwickeln eine App, welche es dir erm\u00f6glicht, [&hellip;]<\/p>\n","protected":false},"author":1,"featured_media":0,"parent":0,"menu_order":0,"comment_status":"closed","ping_status":"open","template":"","meta":{"site-sidebar-layout":"default","site-content-layout":"","ast-site-content-layout":"","site-content-style":"default","site-sidebar-style":"default","ast-global-header-display":"","ast-banner-title-visibility":"","ast-main-header-display":"","ast-hfb-above-header-display":"","ast-hfb-below-header-display":"","ast-hfb-mobile-header-display":"","site-post-title":"disabled","ast-breadcrumbs-content":"","ast-featured-img":"","footer-sml-layout":"","theme-transparent-header-meta":"","adv-header-id-meta":"","stick-header-meta":"","header-above-stick-meta":"","header-main-stick-meta":"","header-below-stick-meta":"","astra-migrate-meta-layouts":"default","ast-page-background-enabled":"default","ast-page-background-meta":{"desktop":{"background-color":"var(--ast-global-color-4)","background-image":"","background-repeat":"repeat","background-position":"center center","background-size":"auto","background-attachment":"scroll","background-type":"","background-media":"","overlay-type":"","overlay-color":"","overlay-gradient":""},"tablet":{"background-color":"","background-image":"","background-repeat":"repeat","background-position":"center center","background-size":"auto","background-attachment":"scroll","background-type":"","background-media":"","overlay-type":"","overlay-color":"","overlay-gradient":""},"mobile":{"background-color":"","background-image":"","background-repeat":"repeat","background-position":"center center","background-size":"auto","background-attachment":"scroll","background-type":"","background-media":"","overlay-type":"","overlay-color":"","overlay-gradient":""}},"ast-content-background-meta":{"desktop":{"background-color":"var(--ast-global-color-5)","background-image":"","background-repeat":"repeat","background-position":"center center","background-size":"auto","background-attachment":"scroll","background-type":"","background-media":"","overlay-type":"","overlay-color":"","overlay-gradient":""},"tablet":{"background-color":"var(--ast-global-color-5)","background-image":"","background-repeat":"repeat","background-position":"center center","background-size":"auto","background-attachment":"scroll","background-type":"","background-media":"","overlay-type":"","overlay-color":"","overlay-gradient":""},"mobile":{"background-color":"var(--ast-global-color-5)","background-image":"","background-repeat":"repeat","background-position":"center center","background-size":"auto","background-attachment":"scroll","background-type":"","background-media":"","overlay-type":"","overlay-color":"","overlay-gradient":""}},"footnotes":""},"class_list":["post-2","page","type-page","status-publish","hentry"],"_links":{"self":[{"href":"https:\/\/www.takeyourcoach.de\/index.php?rest_route=\/wp\/v2\/pages\/2","targetHints":{"allow":["GET"]}}],"collection":[{"href":"https:\/\/www.takeyourcoach.de\/index.php?rest_route=\/wp\/v2\/pages"}],"about":[{"href":"https:\/\/www.takeyourcoach.de\/index.php?rest_route=\/wp\/v2\/types\/page"}],"author":[{"embeddable":true,"href":"https:\/\/www.takeyourcoach.de\/index.php?rest_route=\/wp\/v2\/users\/1"}],"replies":[{"embeddable":true,"href":"https:\/\/www.takeyourcoach.de\/index.php?rest_route=%2Fwp%2Fv2%2Fcomments&post=2"}],"version-history":[{"count":46,"href":"https:\/\/www.takeyourcoach.de\/index.php?rest_route=\/wp\/v2\/pages\/2\/revisions"}],"predecessor-version":[{"id":133,"href":"https:\/\/www.takeyourcoach.de\/index.php?rest_route=\/wp\/v2\/pages\/2\/revisions\/133"}],"wp:attachment":[{"href":"https:\/\/www.takeyourcoach.de\/index.php?rest_route=%2Fwp%2Fv2%2Fmedia&parent=2"}],"curies":[{"name":"wp","href":"https:\/\/api.w.org\/{rel}","templated":true}]}}